{"id":68,"date":"2022-09-08T16:35:55","date_gmt":"2022-09-08T16:35:55","guid":{"rendered":"https:\/\/ice-vaz.com\/?page_id=68"},"modified":"2022-09-08T19:11:55","modified_gmt":"2022-09-08T19:11:55","slug":"servicios","status":"publish","type":"page","link":"https:\/\/ice-vaz.com\/index.php\/servicios\/","title":{"rendered":"Servicios"},"content":{"rendered":"\t\t<div data-elementor-type=\"wp-page\" data-elementor-id=\"68\" class=\"elementor elementor-68\">\n\t\t\t\t\t\t\t\t\t<section class=\"elementor-section elementor-top-section elementor-element elementor-element-70cebd0d elementor-section-content-middle elementor-section-full_width elementor-section-height-default elementor-section-height-default\" data-id=\"70cebd0d\" data-element_type=\"section\" data-settings=\"{&quot;background_background&quot;:&quot;classic&quot;}\">\n\t\t\t\t\t\t<div class=\"elementor-container elementor-column-gap-no\">\n\t\t\t\t\t<div class=\"elementor-column elementor-col-50 elementor-top-column elementor-element elementor-element-24c8a342\" data-id=\"24c8a342\" data-element_type=\"column\">\n\t\t\t<div class=\"elementor-widget-wrap elementor-element-populated\">\n\t\t\t\t\t\t\t\t<div class=\"elementor-element elementor-element-2236c2bf elementor-widget elementor-widget-heading\" data-id=\"2236c2bf\" data-element_type=\"widget\" data-widget_type=\"heading.default\">\n\t\t\t\t<div class=\"elementor-widget-container\">\n\t\t\t<style>\/*! elementor - v3.7.4 - 31-08-2022 *\/\n.elementor-heading-title{padding:0;margin:0;line-height:1}.elementor-widget-heading .elementor-heading-title[class*=elementor-size-]>a{color:inherit;font-size:inherit;line-height:inherit}.elementor-widget-heading .elementor-heading-title.elementor-size-small{font-size:15px}.elementor-widget-heading .elementor-heading-title.elementor-size-medium{font-size:19px}.elementor-widget-heading .elementor-heading-title.elementor-size-large{font-size:29px}.elementor-widget-heading .elementor-heading-title.elementor-size-xl{font-size:39px}.elementor-widget-heading .elementor-heading-title.elementor-size-xxl{font-size:59px}<\/style><h1 class=\"elementor-heading-title elementor-size-default\">Servicios<\/h1>\t\t<\/div>\n\t\t\t\t<\/div>\n\t\t\t\t<div class=\"elementor-element elementor-element-4e33f7b2 elementor-widget elementor-widget-text-editor\" data-id=\"4e33f7b2\" data-element_type=\"widget\" data-widget_type=\"text-editor.default\">\n\t\t\t\t<div class=\"elementor-widget-container\">\n\t\t\t<style>\/*! elementor - v3.7.4 - 31-08-2022 *\/\n.elementor-widget-text-editor.elementor-drop-cap-view-stacked .elementor-drop-cap{background-color:#818a91;color:#fff}.elementor-widget-text-editor.elementor-drop-cap-view-framed .elementor-drop-cap{color:#818a91;border:3px solid;background-color:transparent}.elementor-widget-text-editor:not(.elementor-drop-cap-view-default) .elementor-drop-cap{margin-top:8px}.elementor-widget-text-editor:not(.elementor-drop-cap-view-default) .elementor-drop-cap-letter{width:1em;height:1em}.elementor-widget-text-editor .elementor-drop-cap{float:left;text-align:center;line-height:1;font-size:50px}.elementor-widget-text-editor .elementor-drop-cap-letter{display:inline-block}<\/style>\t\t\t\t<p>Contamos con servicio t\u00e9cnico para reparaci\u00f3n y mantenimiento de maquinas de hielo.<\/p>\t\t\t\t\t\t<\/div>\n\t\t\t\t<\/div>\n\t\t\t\t\t<\/div>\n\t\t<\/div>\n\t\t\t\t<div class=\"elementor-column elementor-col-50 elementor-top-column elementor-element elementor-element-6a8a2712\" data-id=\"6a8a2712\" data-element_type=\"column\">\n\t\t\t<div class=\"elementor-widget-wrap elementor-element-populated\">\n\t\t\t\t\t\t\t\t<div class=\"elementor-element elementor-element-6a6aa8a elementor-widget elementor-widget-image\" data-id=\"6a6aa8a\" data-element_type=\"widget\" data-widget_type=\"image.default\">\n\t\t\t\t<div class=\"elementor-widget-container\">\n\t\t\t<style>\/*! elementor - v3.7.4 - 31-08-2022 *\/\n.elementor-widget-image{text-align:center}.elementor-widget-image a{display:inline-block}.elementor-widget-image a img[src$=\".svg\"]{width:48px}.elementor-widget-image img{vertical-align:middle;display:inline-block}<\/style>\t\t\t\t\t\t\t\t\t\t\t\t<img decoding=\"async\" loading=\"lazy\" width=\"626\" height=\"417\" src=\"https:\/\/ice-vaz.com\/wp-content\/uploads\/2022\/09\/electricista-masculino-trabaja-centralita-cable-conexion-electrica_169016-15085.jpg\" class=\"attachment-large size-large\" alt=\"\" srcset=\"https:\/\/ice-vaz.com\/wp-content\/uploads\/2022\/09\/electricista-masculino-trabaja-centralita-cable-conexion-electrica_169016-15085.jpg 626w, https:\/\/ice-vaz.com\/wp-content\/uploads\/2022\/09\/electricista-masculino-trabaja-centralita-cable-conexion-electrica_169016-15085-300x200.jpg 300w\" sizes=\"(max-width: 626px) 100vw, 626px\" \/>\t\t\t\t\t\t\t\t\t\t\t\t\t\t\t<\/div>\n\t\t\t\t<\/div>\n\t\t\t\t\t<\/div>\n\t\t<\/div>\n\t\t\t\t\t\t\t<\/div>\n\t\t<\/section>\n\t\t\t\t<section class=\"elementor-section elementor-top-section elementor-element elementor-element-6c37c916 elementor-section-content-middle elementor-section-full_width elementor-section-height-default elementor-section-height-default\" data-id=\"6c37c916\" data-element_type=\"section\" data-settings=\"{&quot;background_background&quot;:&quot;classic&quot;}\">\n\t\t\t\t\t\t<div class=\"elementor-container elementor-column-gap-no\">\n\t\t\t\t\t<div class=\"elementor-column elementor-col-50 elementor-top-column elementor-element elementor-element-60f4801b\" data-id=\"60f4801b\" data-element_type=\"column\">\n\t\t\t<div class=\"elementor-widget-wrap elementor-element-populated\">\n\t\t\t\t\t\t\t\t<div class=\"elementor-element elementor-element-8194ecf elementor-widget elementor-widget-heading\" data-id=\"8194ecf\" data-element_type=\"widget\" data-widget_type=\"heading.default\">\n\t\t\t\t<div class=\"elementor-widget-container\">\n\t\t\t<h2 class=\"elementor-heading-title elementor-size-default\">Reparaciones<\/h2>\t\t<\/div>\n\t\t\t\t<\/div>\n\t\t\t\t<div class=\"elementor-element elementor-element-55deed81 elementor-widget elementor-widget-text-editor\" data-id=\"55deed81\" data-element_type=\"widget\" data-widget_type=\"text-editor.default\">\n\t\t\t\t<div class=\"elementor-widget-container\">\n\t\t\t\t\t\t\t<p>Los <em>t\u00e9cnicos<\/em> de r<em>eparaci\u00f3n<\/em> se centran en la optimizaci\u00f3n de equipos, procedimientos, maquinaria e infraestructuras. Garantizan la m\u00e1xima resistencia y uso producci\u00f3n de las Maquinas de hielo.<\/p>\t\t\t\t\t\t<\/div>\n\t\t\t\t<\/div>\n\t\t\t\t\t<\/div>\n\t\t<\/div>\n\t\t\t\t<div class=\"elementor-column elementor-col-50 elementor-top-column elementor-element elementor-element-1346ae98\" data-id=\"1346ae98\" data-element_type=\"column\">\n\t\t\t<div class=\"elementor-widget-wrap elementor-element-populated\">\n\t\t\t\t\t\t\t\t<div class=\"elementor-element elementor-element-4961615c elementor-widget elementor-widget-image\" data-id=\"4961615c\" data-element_type=\"widget\" data-widget_type=\"image.default\">\n\t\t\t\t<div class=\"elementor-widget-container\">\n\t\t\t\t\t\t\t\t\t\t\t\t\t\t\t<img decoding=\"async\" loading=\"lazy\" width=\"577\" height=\"1024\" src=\"https:\/\/ice-vaz.com\/wp-content\/uploads\/2022\/09\/WhatsApp-Image-2022-09-08-at-12.09.23-PM-577x1024.jpeg\" class=\"attachment-large size-large\" alt=\"\" srcset=\"https:\/\/ice-vaz.com\/wp-content\/uploads\/2022\/09\/WhatsApp-Image-2022-09-08-at-12.09.23-PM-577x1024.jpeg 577w, https:\/\/ice-vaz.com\/wp-content\/uploads\/2022\/09\/WhatsApp-Image-2022-09-08-at-12.09.23-PM-169x300.jpeg 169w, https:\/\/ice-vaz.com\/wp-content\/uploads\/2022\/09\/WhatsApp-Image-2022-09-08-at-12.09.23-PM.jpeg 640w\" sizes=\"(max-width: 577px) 100vw, 577px\" \/>\t\t\t\t\t\t\t\t\t\t\t\t\t\t\t<\/div>\n\t\t\t\t<\/div>\n\t\t\t\t\t<\/div>\n\t\t<\/div>\n\t\t\t\t\t\t\t<\/div>\n\t\t<\/section>\n\t\t\t\t<section class=\"elementor-section elementor-top-section elementor-element elementor-element-b82ee30 elementor-section-content-middle elementor-section-full_width elementor-reverse-mobile elementor-section-height-default elementor-section-height-default\" data-id=\"b82ee30\" data-element_type=\"section\" data-settings=\"{&quot;background_background&quot;:&quot;classic&quot;}\">\n\t\t\t\t\t\t<div class=\"elementor-container elementor-column-gap-no\">\n\t\t\t\t\t<div class=\"elementor-column elementor-col-50 elementor-top-column elementor-element elementor-element-7d08faeb\" data-id=\"7d08faeb\" data-element_type=\"column\">\n\t\t\t<div class=\"elementor-widget-wrap elementor-element-populated\">\n\t\t\t\t\t\t\t\t<div class=\"elementor-element elementor-element-38a9ab16 elementor-widget elementor-widget-image\" data-id=\"38a9ab16\" data-element_type=\"widget\" data-widget_type=\"image.default\">\n\t\t\t\t<div class=\"elementor-widget-container\">\n\t\t\t\t\t\t\t\t\t\t\t\t\t\t\t<img decoding=\"async\" loading=\"lazy\" width=\"577\" height=\"1024\" src=\"https:\/\/ice-vaz.com\/wp-content\/uploads\/2022\/09\/WhatsApp-Image-2022-09-08-at-12.09.20-PM-3-577x1024.jpeg\" class=\"attachment-large size-large\" alt=\"\" srcset=\"https:\/\/ice-vaz.com\/wp-content\/uploads\/2022\/09\/WhatsApp-Image-2022-09-08-at-12.09.20-PM-3-577x1024.jpeg 577w, https:\/\/ice-vaz.com\/wp-content\/uploads\/2022\/09\/WhatsApp-Image-2022-09-08-at-12.09.20-PM-3-169x300.jpeg 169w, https:\/\/ice-vaz.com\/wp-content\/uploads\/2022\/09\/WhatsApp-Image-2022-09-08-at-12.09.20-PM-3.jpeg 640w\" sizes=\"(max-width: 577px) 100vw, 577px\" \/>\t\t\t\t\t\t\t\t\t\t\t\t\t\t\t<\/div>\n\t\t\t\t<\/div>\n\t\t\t\t\t<\/div>\n\t\t<\/div>\n\t\t\t\t<div class=\"elementor-column elementor-col-50 elementor-top-column elementor-element elementor-element-648792e3\" data-id=\"648792e3\" data-element_type=\"column\">\n\t\t\t<div class=\"elementor-widget-wrap elementor-element-populated\">\n\t\t\t\t\t\t\t\t<div class=\"elementor-element elementor-element-14449243 elementor-widget elementor-widget-heading\" data-id=\"14449243\" data-element_type=\"widget\" data-widget_type=\"heading.default\">\n\t\t\t\t<div class=\"elementor-widget-container\">\n\t\t\t<h2 class=\"elementor-heading-title elementor-size-default\">Mantenimiento<\/h2>\t\t<\/div>\n\t\t\t\t<\/div>\n\t\t\t\t<div class=\"elementor-element elementor-element-6ba29db5 elementor-widget elementor-widget-text-editor\" data-id=\"6ba29db5\" data-element_type=\"widget\" data-widget_type=\"text-editor.default\">\n\t\t\t\t<div class=\"elementor-widget-container\">\n\t\t\t\t\t\t\t<p>Servicio integral de mantenimiento correctivo y preventivo. Calibraci\u00f3n ema. Temperatura. Masa. Humedad, y m\u00e1s.<\/p>\t\t\t\t\t\t<\/div>\n\t\t\t\t<\/div>\n\t\t\t\t\t<\/div>\n\t\t<\/div>\n\t\t\t\t\t\t\t<\/div>\n\t\t<\/section>\n\t\t\t\t<section class=\"elementor-section elementor-top-section elementor-element elementor-element-4053c67d elementor-section-content-middle elementor-section-full_width elementor-hidden-desktop elementor-hidden-tablet elementor-hidden-mobile elementor-section-height-default elementor-section-height-default\" data-id=\"4053c67d\" data-element_type=\"section\" data-settings=\"{&quot;background_background&quot;:&quot;classic&quot;}\">\n\t\t\t\t\t\t<div class=\"elementor-container elementor-column-gap-no\">\n\t\t\t\t\t<div class=\"elementor-column elementor-col-50 elementor-top-column elementor-element elementor-element-46c2f52d\" data-id=\"46c2f52d\" data-element_type=\"column\">\n\t\t\t<div class=\"elementor-widget-wrap elementor-element-populated\">\n\t\t\t\t\t\t\t\t<div class=\"elementor-element elementor-element-3631728c elementor-widget elementor-widget-heading\" data-id=\"3631728c\" data-element_type=\"widget\" data-widget_type=\"heading.default\">\n\t\t\t\t<div class=\"elementor-widget-container\">\n\t\t\t<h2 class=\"elementor-heading-title elementor-size-default\">Service 3<\/h2>\t\t<\/div>\n\t\t\t\t<\/div>\n\t\t\t\t<div class=\"elementor-element elementor-element-2668c92 elementor-widget elementor-widget-text-editor\" data-id=\"2668c92\" data-element_type=\"widget\" data-widget_type=\"text-editor.default\">\n\t\t\t\t<div class=\"elementor-widget-container\">\n\t\t\t\t\t\t\t<p>A short paragraph describing exactly what this service offers and how it helps clients. This is your chance to convince the visitor that your business is the right choice for them.<br \/><br \/>Lorem ipsum elementum tempus egestas sed sed. Eget nullam non nisi est sit amet facilisis magna. Venenatis cras sed felis eget velit aliquet sagittis id consectetur. Ipsum dolor sit amet consectetur adipiscing. Magna sit amet purus gravida quis. Praesent tristique magna sit amet purus. Turpis nunc eget lorem dolor sed. Dui id ornare arcu odio ut.<\/p>\t\t\t\t\t\t<\/div>\n\t\t\t\t<\/div>\n\t\t\t\t\t<\/div>\n\t\t<\/div>\n\t\t\t\t<div class=\"elementor-column elementor-col-50 elementor-top-column elementor-element elementor-element-79255b0a\" data-id=\"79255b0a\" data-element_type=\"column\">\n\t\t\t<div class=\"elementor-widget-wrap elementor-element-populated\">\n\t\t\t\t\t\t\t\t<div class=\"elementor-element elementor-element-29f1f88b elementor-widget elementor-widget-image\" data-id=\"29f1f88b\" data-element_type=\"widget\" data-widget_type=\"image.default\">\n\t\t\t\t<div class=\"elementor-widget-container\">\n\t\t\t\t\t\t\t\t\t\t\t\t\t\t\t<img decoding=\"async\" loading=\"lazy\" width=\"572\" height=\"491\" src=\"https:\/\/ice-vaz.com\/wp-content\/uploads\/2022\/09\/Img-About-3-1.jpg\" class=\"attachment-large size-large\" alt=\"\" srcset=\"https:\/\/ice-vaz.com\/wp-content\/uploads\/2022\/09\/Img-About-3-1.jpg 572w, https:\/\/ice-vaz.com\/wp-content\/uploads\/2022\/09\/Img-About-3-1-300x258.jpg 300w\" sizes=\"(max-width: 572px) 100vw, 572px\" \/>\t\t\t\t\t\t\t\t\t\t\t\t\t\t\t<\/div>\n\t\t\t\t<\/div>\n\t\t\t\t\t<\/div>\n\t\t<\/div>\n\t\t\t\t\t\t\t<\/div>\n\t\t<\/section>\n\t\t\t\t<section class=\"elementor-section elementor-top-section elementor-element elementor-element-32438c7a elementor-section-height-min-height elementor-section-content-middle elementor-section-full_width elementor-section-height-default elementor-section-items-middle\" data-id=\"32438c7a\" data-element_type=\"section\" data-settings=\"{&quot;background_background&quot;:&quot;classic&quot;}\">\n\t\t\t\t\t\t<div class=\"elementor-container elementor-column-gap-no\">\n\t\t\t\t\t<div class=\"elementor-column elementor-col-100 elementor-top-column elementor-element elementor-element-fb87bd0\" data-id=\"fb87bd0\" data-element_type=\"column\">\n\t\t\t<div class=\"elementor-widget-wrap elementor-element-populated\">\n\t\t\t\t\t\t\t\t<div class=\"elementor-element elementor-element-2961a3dc elementor-widget elementor-widget-heading\" data-id=\"2961a3dc\" data-element_type=\"widget\" data-widget_type=\"heading.default\">\n\t\t\t\t<div class=\"elementor-widget-container\">\n\t\t\t<p class=\"elementor-heading-title elementor-size-default\">\u00a9 2022 All Rights Reserved.<\/p>\t\t<\/div>\n\t\t\t\t<\/div>\n\t\t\t\t\t<\/div>\n\t\t<\/div>\n\t\t\t\t\t\t\t<\/div>\n\t\t<\/section>\n\t\t\t\t\t\t\t<\/div>\n\t\t","protected":false},"excerpt":{"rendered":"<p>Servicios Contamos con servicio t\u00e9cnico para reparaci\u00f3n y mantenimiento de maquinas de hielo. Reparaciones Los t\u00e9cnicos de reparaci\u00f3n se centran en la optimizaci\u00f3n de equipos, procedimientos, maquinaria e infraestructuras. Garantizan la m\u00e1xima resistencia y uso producci\u00f3n de las Maquinas de hielo. Mantenimiento Servicio integral de mantenimiento correctivo y preventivo. Calibraci\u00f3n ema. Temperatura. Masa. Humedad, y &hellip;<\/p>\n<p class=\"read-more\"> <a class=\"\" href=\"https:\/\/ice-vaz.com\/index.php\/servicios\/\"> <span class=\"screen-reader-text\">Servicios<\/span> Leer m\u00e1s &raquo;<\/a><\/p>\n","protected":false},"author":2,"featured_media":0,"parent":0,"menu_order":0,"comment_status":"closed","ping_status":"open","template":"","meta":{"om_disable_all_campaigns":false,"_monsterinsights_skip_tracking":false,"_monsterinsights_sitenote_active":false,"_monsterinsights_sitenote_note":"","_monsterinsights_sitenote_category":0,"site-sidebar-layout":"no-sidebar","site-content-layout":"page-builder","ast-global-header-display":"","ast-main-header-display":"","ast-hfb-above-header-display":"","ast-hfb-below-header-display":"","ast-hfb-mobile-header-display":"","site-post-title":"disabled","ast-breadcrumbs-content":"","ast-featured-img":"disabled","footer-sml-layout":"","theme-transparent-header-meta":"","adv-header-id-meta":"","stick-header-meta":"","header-above-stick-meta":"","header-main-stick-meta":"","header-below-stick-meta":"","footnotes":"","_joinchat":[]},"aioseo_notices":[],"yoast_head":"<!-- This site is optimized with the Yoast SEO plugin v21.0 - https:\/\/yoast.com\/wordpress\/plugins\/seo\/ -->\n<title>Servicios - Maquinas de Hielo<\/title>\n<meta name=\"robots\" content=\"index, follow, max-snippet:-1, max-image-preview:large, max-video-preview:-1\" \/>\n<link rel=\"canonical\" href=\"https:\/\/ice-vaz.com\/index.php\/servicios\/\" \/>\n<meta property=\"og:locale\" content=\"es_MX\" \/>\n<meta property=\"og:type\" content=\"article\" \/>\n<meta property=\"og:title\" content=\"Servicios - Maquinas de Hielo\" \/>\n<meta property=\"og:description\" content=\"Servicios Contamos con servicio t\u00e9cnico para reparaci\u00f3n y mantenimiento de maquinas de hielo. Reparaciones Los t\u00e9cnicos de reparaci\u00f3n se centran en la optimizaci\u00f3n de equipos, procedimientos, maquinaria e infraestructuras. Garantizan la m\u00e1xima resistencia y uso producci\u00f3n de las Maquinas de hielo. Mantenimiento Servicio integral de mantenimiento correctivo y preventivo. Calibraci\u00f3n ema. Temperatura. Masa. Humedad, y &hellip; Servicios Leer m\u00e1s &raquo;\" \/>\n<meta property=\"og:url\" content=\"https:\/\/ice-vaz.com\/index.php\/servicios\/\" \/>\n<meta property=\"og:site_name\" content=\"Maquinas de Hielo\" \/>\n<meta property=\"article:modified_time\" content=\"2022-09-08T19:11:55+00:00\" \/>\n<meta property=\"og:image\" content=\"http:\/\/ice-vaz.com\/wp-content\/uploads\/2022\/09\/electricista-masculino-trabaja-centralita-cable-conexion-electrica_169016-15085.jpg\" \/>\n<meta name=\"twitter:card\" content=\"summary_large_image\" \/>\n<meta name=\"twitter:label1\" content=\"Tiempo de lectura\" \/>\n\t<meta name=\"twitter:data1\" content=\"1 minuto\" \/>\n<script type=\"application\/ld+json\" class=\"yoast-schema-graph\">{\"@context\":\"https:\/\/schema.org\",\"@graph\":[{\"@type\":\"WebPage\",\"@id\":\"https:\/\/ice-vaz.com\/index.php\/servicios\/\",\"url\":\"https:\/\/ice-vaz.com\/index.php\/servicios\/\",\"name\":\"Servicios - Maquinas de Hielo\",\"isPartOf\":{\"@id\":\"https:\/\/ice-vaz.com\/#website\"},\"datePublished\":\"2022-09-08T16:35:55+00:00\",\"dateModified\":\"2022-09-08T19:11:55+00:00\",\"breadcrumb\":{\"@id\":\"https:\/\/ice-vaz.com\/index.php\/servicios\/#breadcrumb\"},\"inLanguage\":\"es-MX\",\"potentialAction\":[{\"@type\":\"ReadAction\",\"target\":[\"https:\/\/ice-vaz.com\/index.php\/servicios\/\"]}]},{\"@type\":\"BreadcrumbList\",\"@id\":\"https:\/\/ice-vaz.com\/index.php\/servicios\/#breadcrumb\",\"itemListElement\":[{\"@type\":\"ListItem\",\"position\":1,\"name\":\"Inicio\",\"item\":\"https:\/\/ice-vaz.com\/\"},{\"@type\":\"ListItem\",\"position\":2,\"name\":\"Servicios\"}]},{\"@type\":\"WebSite\",\"@id\":\"https:\/\/ice-vaz.com\/#website\",\"url\":\"https:\/\/ice-vaz.com\/\",\"name\":\"Maquinas de Hielo\",\"description\":\"Venta y renta de maquinas de hielo\",\"publisher\":{\"@id\":\"https:\/\/ice-vaz.com\/#organization\"},\"potentialAction\":[{\"@type\":\"SearchAction\",\"target\":{\"@type\":\"EntryPoint\",\"urlTemplate\":\"https:\/\/ice-vaz.com\/?s={search_term_string}\"},\"query-input\":\"required name=search_term_string\"}],\"inLanguage\":\"es-MX\"},{\"@type\":\"Organization\",\"@id\":\"https:\/\/ice-vaz.com\/#organization\",\"name\":\"Maquinas de Hielo\",\"url\":\"https:\/\/ice-vaz.com\/\",\"logo\":{\"@type\":\"ImageObject\",\"inLanguage\":\"es-MX\",\"@id\":\"https:\/\/ice-vaz.com\/#\/schema\/logo\/image\/\",\"url\":\"https:\/\/ice-vaz.com\/wp-content\/uploads\/2022\/09\/301646997_103577172498967_7546972686866093831_n.jpg\",\"contentUrl\":\"https:\/\/ice-vaz.com\/wp-content\/uploads\/2022\/09\/301646997_103577172498967_7546972686866093831_n.jpg\",\"width\":1263,\"height\":1280,\"caption\":\"Maquinas de Hielo\"},\"image\":{\"@id\":\"https:\/\/ice-vaz.com\/#\/schema\/logo\/image\/\"}}]}<\/script>\n<!-- \/ Yoast SEO plugin. -->","yoast_head_json":{"title":"Servicios - Maquinas de Hielo","robots":{"index":"index","follow":"follow","max-snippet":"max-snippet:-1","max-image-preview":"max-image-preview:large","max-video-preview":"max-video-preview:-1"},"canonical":"https:\/\/ice-vaz.com\/index.php\/servicios\/","og_locale":"es_MX","og_type":"article","og_title":"Servicios - Maquinas de Hielo","og_description":"Servicios Contamos con servicio t\u00e9cnico para reparaci\u00f3n y mantenimiento de maquinas de hielo. Reparaciones Los t\u00e9cnicos de reparaci\u00f3n se centran en la optimizaci\u00f3n de equipos, procedimientos, maquinaria e infraestructuras. Garantizan la m\u00e1xima resistencia y uso producci\u00f3n de las Maquinas de hielo. Mantenimiento Servicio integral de mantenimiento correctivo y preventivo. Calibraci\u00f3n ema. Temperatura. Masa. Humedad, y &hellip; Servicios Leer m\u00e1s &raquo;","og_url":"https:\/\/ice-vaz.com\/index.php\/servicios\/","og_site_name":"Maquinas de Hielo","article_modified_time":"2022-09-08T19:11:55+00:00","og_image":[{"url":"http:\/\/ice-vaz.com\/wp-content\/uploads\/2022\/09\/electricista-masculino-trabaja-centralita-cable-conexion-electrica_169016-15085.jpg"}],"twitter_card":"summary_large_image","twitter_misc":{"Tiempo de lectura":"1 minuto"},"schema":{"@context":"https:\/\/schema.org","@graph":[{"@type":"WebPage","@id":"https:\/\/ice-vaz.com\/index.php\/servicios\/","url":"https:\/\/ice-vaz.com\/index.php\/servicios\/","name":"Servicios - Maquinas de Hielo","isPartOf":{"@id":"https:\/\/ice-vaz.com\/#website"},"datePublished":"2022-09-08T16:35:55+00:00","dateModified":"2022-09-08T19:11:55+00:00","breadcrumb":{"@id":"https:\/\/ice-vaz.com\/index.php\/servicios\/#breadcrumb"},"inLanguage":"es-MX","potentialAction":[{"@type":"ReadAction","target":["https:\/\/ice-vaz.com\/index.php\/servicios\/"]}]},{"@type":"BreadcrumbList","@id":"https:\/\/ice-vaz.com\/index.php\/servicios\/#breadcrumb","itemListElement":[{"@type":"ListItem","position":1,"name":"Inicio","item":"https:\/\/ice-vaz.com\/"},{"@type":"ListItem","position":2,"name":"Servicios"}]},{"@type":"WebSite","@id":"https:\/\/ice-vaz.com\/#website","url":"https:\/\/ice-vaz.com\/","name":"Maquinas de Hielo","description":"Venta y renta de maquinas de hielo","publisher":{"@id":"https:\/\/ice-vaz.com\/#organization"},"potentialAction":[{"@type":"SearchAction","target":{"@type":"EntryPoint","urlTemplate":"https:\/\/ice-vaz.com\/?s={search_term_string}"},"query-input":"required name=search_term_string"}],"inLanguage":"es-MX"},{"@type":"Organization","@id":"https:\/\/ice-vaz.com\/#organization","name":"Maquinas de Hielo","url":"https:\/\/ice-vaz.com\/","logo":{"@type":"ImageObject","inLanguage":"es-MX","@id":"https:\/\/ice-vaz.com\/#\/schema\/logo\/image\/","url":"https:\/\/ice-vaz.com\/wp-content\/uploads\/2022\/09\/301646997_103577172498967_7546972686866093831_n.jpg","contentUrl":"https:\/\/ice-vaz.com\/wp-content\/uploads\/2022\/09\/301646997_103577172498967_7546972686866093831_n.jpg","width":1263,"height":1280,"caption":"Maquinas de Hielo"},"image":{"@id":"https:\/\/ice-vaz.com\/#\/schema\/logo\/image\/"}}]}},"_links":{"self":[{"href":"https:\/\/ice-vaz.com\/index.php\/wp-json\/wp\/v2\/pages\/68"}],"collection":[{"href":"https:\/\/ice-vaz.com\/index.php\/wp-json\/wp\/v2\/pages"}],"about":[{"href":"https:\/\/ice-vaz.com\/index.php\/wp-json\/wp\/v2\/types\/page"}],"author":[{"embeddable":true,"href":"https:\/\/ice-vaz.com\/index.php\/wp-json\/wp\/v2\/users\/2"}],"replies":[{"embeddable":true,"href":"https:\/\/ice-vaz.com\/index.php\/wp-json\/wp\/v2\/comments?post=68"}],"version-history":[{"count":7,"href":"https:\/\/ice-vaz.com\/index.php\/wp-json\/wp\/v2\/pages\/68\/revisions"}],"predecessor-version":[{"id":168,"href":"https:\/\/ice-vaz.com\/index.php\/wp-json\/wp\/v2\/pages\/68\/revisions\/168"}],"wp:attachment":[{"href":"https:\/\/ice-vaz.com\/index.php\/wp-json\/wp\/v2\/media?parent=68"}],"curies":[{"name":"wp","href":"https:\/\/api.w.org\/{rel}","templated":true}]}}