{"id":75,"date":"2022-09-08T16:37:40","date_gmt":"2022-09-08T16:37:40","guid":{"rendered":"https:\/\/ice-vaz.com\/?page_id=75"},"modified":"2022-09-08T19:18:38","modified_gmt":"2022-09-08T19:18:38","slug":"contacto","status":"publish","type":"page","link":"https:\/\/ice-vaz.com\/index.php\/contacto\/","title":{"rendered":"Contacto"},"content":{"rendered":"\t\t<div data-elementor-type=\"wp-page\" data-elementor-id=\"75\" class=\"elementor elementor-75\">\n\t\t\t\t\t\t\t\t\t<section class=\"elementor-section elementor-top-section elementor-element elementor-element-22ddc029 elementor-section-content-middle elementor-section-full_width elementor-section-height-default elementor-section-height-default\" data-id=\"22ddc029\" data-element_type=\"section\">\n\t\t\t\t\t\t<div class=\"elementor-container elementor-column-gap-no\">\n\t\t\t\t\t<div class=\"elementor-column elementor-col-50 elementor-top-column elementor-element elementor-element-76097ec7\" data-id=\"76097ec7\" data-element_type=\"column\">\n\t\t\t<div class=\"elementor-widget-wrap elementor-element-populated\">\n\t\t\t\t\t\t\t\t<div class=\"elementor-element elementor-element-6950d235 elementor-widget elementor-widget-heading\" data-id=\"6950d235\" data-element_type=\"widget\" data-widget_type=\"heading.default\">\n\t\t\t\t<div class=\"elementor-widget-container\">\n\t\t\t<style>\/*! elementor - v3.7.4 - 31-08-2022 *\/\n.elementor-heading-title{padding:0;margin:0;line-height:1}.elementor-widget-heading .elementor-heading-title[class*=elementor-size-]>a{color:inherit;font-size:inherit;line-height:inherit}.elementor-widget-heading .elementor-heading-title.elementor-size-small{font-size:15px}.elementor-widget-heading .elementor-heading-title.elementor-size-medium{font-size:19px}.elementor-widget-heading .elementor-heading-title.elementor-size-large{font-size:29px}.elementor-widget-heading .elementor-heading-title.elementor-size-xl{font-size:39px}.elementor-widget-heading .elementor-heading-title.elementor-size-xxl{font-size:59px}<\/style><h1 class=\"elementor-heading-title elementor-size-default\">Contacto<\/h1>\t\t<\/div>\n\t\t\t\t<\/div>\n\t\t\t\t<div class=\"elementor-element elementor-element-10bcdc68 elementor-widget elementor-widget-text-editor\" data-id=\"10bcdc68\" data-element_type=\"widget\" data-widget_type=\"text-editor.default\">\n\t\t\t\t<div class=\"elementor-widget-container\">\n\t\t\t<style>\/*! elementor - v3.7.4 - 31-08-2022 *\/\n.elementor-widget-text-editor.elementor-drop-cap-view-stacked .elementor-drop-cap{background-color:#818a91;color:#fff}.elementor-widget-text-editor.elementor-drop-cap-view-framed .elementor-drop-cap{color:#818a91;border:3px solid;background-color:transparent}.elementor-widget-text-editor:not(.elementor-drop-cap-view-default) .elementor-drop-cap{margin-top:8px}.elementor-widget-text-editor:not(.elementor-drop-cap-view-default) .elementor-drop-cap-letter{width:1em;height:1em}.elementor-widget-text-editor .elementor-drop-cap{float:left;text-align:center;line-height:1;font-size:50px}.elementor-widget-text-editor .elementor-drop-cap-letter{display:inline-block}<\/style>\t\t\t\t<p>Estamos disponibles para ti 24\/7 Responderemos tu solicitud de informaci\u00f3n, cotizaci\u00f3n dudas o sugerencias.<\/p>\t\t\t\t\t\t<\/div>\n\t\t\t\t<\/div>\n\t\t\t\t\t<\/div>\n\t\t<\/div>\n\t\t\t\t<div class=\"elementor-column elementor-col-50 elementor-top-column elementor-element elementor-element-52c0ff62\" data-id=\"52c0ff62\" data-element_type=\"column\">\n\t\t\t<div class=\"elementor-widget-wrap elementor-element-populated\">\n\t\t\t\t\t\t\t\t<div class=\"elementor-element elementor-element-49f3064b elementor-widget elementor-widget-image\" data-id=\"49f3064b\" data-element_type=\"widget\" data-widget_type=\"image.default\">\n\t\t\t\t<div class=\"elementor-widget-container\">\n\t\t\t<style>\/*! elementor - v3.7.4 - 31-08-2022 *\/\n.elementor-widget-image{text-align:center}.elementor-widget-image a{display:inline-block}.elementor-widget-image a img[src$=\".svg\"]{width:48px}.elementor-widget-image img{vertical-align:middle;display:inline-block}<\/style>\t\t\t\t\t\t\t\t\t\t\t\t<img decoding=\"async\" loading=\"lazy\" width=\"626\" height=\"417\" src=\"https:\/\/ice-vaz.com\/wp-content\/uploads\/2022\/09\/empresaria-buscando-contacto-importante-telefono_1163-4256.jpg\" class=\"attachment-large size-large\" alt=\"\" srcset=\"https:\/\/ice-vaz.com\/wp-content\/uploads\/2022\/09\/empresaria-buscando-contacto-importante-telefono_1163-4256.jpg 626w, https:\/\/ice-vaz.com\/wp-content\/uploads\/2022\/09\/empresaria-buscando-contacto-importante-telefono_1163-4256-300x200.jpg 300w\" sizes=\"(max-width: 626px) 100vw, 626px\" \/>\t\t\t\t\t\t\t\t\t\t\t\t\t\t\t<\/div>\n\t\t\t\t<\/div>\n\t\t\t\t\t<\/div>\n\t\t<\/div>\n\t\t\t\t\t\t\t<\/div>\n\t\t<\/section>\n\t\t\t\t<section class=\"elementor-section elementor-top-section elementor-element elementor-element-22a7621a elementor-section-content-middle elementor-section-full_width elementor-reverse-mobile elementor-section-height-default elementor-section-height-default\" data-id=\"22a7621a\" data-element_type=\"section\" data-settings=\"{&quot;background_background&quot;:&quot;classic&quot;}\">\n\t\t\t\t\t\t<div class=\"elementor-container elementor-column-gap-no\">\n\t\t\t\t\t<div class=\"elementor-column elementor-col-50 elementor-top-column elementor-element elementor-element-204e8e71\" data-id=\"204e8e71\" data-element_type=\"column\">\n\t\t\t<div class=\"elementor-widget-wrap elementor-element-populated\">\n\t\t\t\t\t\t\t\t<div class=\"elementor-element elementor-element-f18c35f elementor-widget elementor-widget-image\" data-id=\"f18c35f\" data-element_type=\"widget\" data-widget_type=\"image.default\">\n\t\t\t\t<div class=\"elementor-widget-container\">\n\t\t\t\t\t\t\t\t\t\t\t\t\t\t\t<img decoding=\"async\" loading=\"lazy\" width=\"626\" height=\"418\" src=\"https:\/\/ice-vaz.com\/wp-content\/uploads\/2022\/09\/feliz-joven_1098-20869.jpg\" class=\"attachment-large size-large\" alt=\"\" srcset=\"https:\/\/ice-vaz.com\/wp-content\/uploads\/2022\/09\/feliz-joven_1098-20869.jpg 626w, https:\/\/ice-vaz.com\/wp-content\/uploads\/2022\/09\/feliz-joven_1098-20869-300x200.jpg 300w\" sizes=\"(max-width: 626px) 100vw, 626px\" \/>\t\t\t\t\t\t\t\t\t\t\t\t\t\t\t<\/div>\n\t\t\t\t<\/div>\n\t\t\t\t\t<\/div>\n\t\t<\/div>\n\t\t\t\t<div class=\"elementor-column elementor-col-50 elementor-top-column elementor-element elementor-element-17405ee0\" data-id=\"17405ee0\" data-element_type=\"column\">\n\t\t\t<div class=\"elementor-widget-wrap elementor-element-populated\">\n\t\t\t\t\t\t\t\t<div class=\"elementor-element elementor-element-25da8304 elementor-align-left elementor-icon-list--layout-traditional elementor-list-item-link-full_width elementor-widget elementor-widget-icon-list\" data-id=\"25da8304\" data-element_type=\"widget\" data-widget_type=\"icon-list.default\">\n\t\t\t\t<div class=\"elementor-widget-container\">\n\t\t\t<link rel=\"stylesheet\" href=\"https:\/\/ice-vaz.com\/wp-content\/plugins\/elementor\/assets\/css\/widget-icon-list.min.css\">\t\t<ul class=\"elementor-icon-list-items\">\n\t\t\t\t\t\t\t<li class=\"elementor-icon-list-item\">\n\t\t\t\t\t\t\t\t\t\t<span class=\"elementor-icon-list-text\"><b>Address:<\/b> Iztapala Ciudad de M\u00e9xico<\/span>\n\t\t\t\t\t\t\t\t\t<\/li>\n\t\t\t\t\t\t\t\t<li class=\"elementor-icon-list-item\">\n\t\t\t\t\t\t\t\t\t\t<span class=\"elementor-icon-list-text\"><b>Hours:<\/b> Lunes a viernes 9:00AM - 6:00PM<\/span>\n\t\t\t\t\t\t\t\t\t<\/li>\n\t\t\t\t\t\t\t\t<li class=\"elementor-icon-list-item\">\n\t\t\t\t\t\t\t\t\t\t<span class=\"elementor-icon-list-text\"><b>Phone:<\/b> 55 4783 9853<\/span>\n\t\t\t\t\t\t\t\t\t<\/li>\n\t\t\t\t\t\t\t\t<li class=\"elementor-icon-list-item\">\n\t\t\t\t\t\t\t\t\t\t<span class=\"elementor-icon-list-text\"><b>Email:<\/b> servicios@ice-vaz.com<\/span>\n\t\t\t\t\t\t\t\t\t<\/li>\n\t\t\t\t\t\t<\/ul>\n\t\t\t\t<\/div>\n\t\t\t\t<\/div>\n\t\t\t\t\t<\/div>\n\t\t<\/div>\n\t\t\t\t\t\t\t<\/div>\n\t\t<\/section>\n\t\t\t\t<section class=\"elementor-section elementor-top-section elementor-element elementor-element-39b3de1e elementor-section-height-min-height elementor-section-content-middle elementor-section-full_width elementor-section-height-default elementor-section-items-middle\" data-id=\"39b3de1e\" data-element_type=\"section\" data-settings=\"{&quot;background_background&quot;:&quot;classic&quot;}\">\n\t\t\t\t\t\t<div class=\"elementor-container elementor-column-gap-no\">\n\t\t\t\t\t<div class=\"elementor-column elementor-col-100 elementor-top-column elementor-element elementor-element-6df40f2f\" data-id=\"6df40f2f\" data-element_type=\"column\">\n\t\t\t<div class=\"elementor-widget-wrap elementor-element-populated\">\n\t\t\t\t\t\t\t\t<div class=\"elementor-element elementor-element-3605d8dc elementor-widget elementor-widget-heading\" data-id=\"3605d8dc\" data-element_type=\"widget\" data-widget_type=\"heading.default\">\n\t\t\t\t<div class=\"elementor-widget-container\">\n\t\t\t<p class=\"elementor-heading-title elementor-size-default\">Maquinas de Hielo<\/p>\t\t<\/div>\n\t\t\t\t<\/div>\n\t\t\t\t\t<\/div>\n\t\t<\/div>\n\t\t\t\t\t\t\t<\/div>\n\t\t<\/section>\n\t\t\t\t\t\t\t<\/div>\n\t\t","protected":false},"excerpt":{"rendered":"<p>Contacto Estamos disponibles para ti 24\/7 Responderemos tu solicitud de informaci\u00f3n, cotizaci\u00f3n dudas o sugerencias. Address: Iztapala Ciudad de M\u00e9xico Hours: Lunes a viernes 9:00AM &#8211; 6:00PM Phone: 55 4783 9853 Email: servicios@ice-vaz.com Maquinas de Hielo<\/p>\n","protected":false},"author":2,"featured_media":0,"parent":0,"menu_order":0,"comment_status":"closed","ping_status":"closed","template":"","meta":{"om_disable_all_campaigns":false,"_monsterinsights_skip_tracking":false,"_monsterinsights_sitenote_active":false,"_monsterinsights_sitenote_note":"","_monsterinsights_sitenote_category":0,"site-sidebar-layout":"no-sidebar","site-content-layout":"page-builder","ast-global-header-display":"","ast-main-header-display":"","ast-hfb-above-header-display":"","ast-hfb-below-header-display":"","ast-hfb-mobile-header-display":"","site-post-title":"disabled","ast-breadcrumbs-content":"","ast-featured-img":"disabled","footer-sml-layout":"","theme-transparent-header-meta":"","adv-header-id-meta":"","stick-header-meta":"","header-above-stick-meta":"","header-main-stick-meta":"","header-below-stick-meta":"","footnotes":"","_joinchat":[]},"aioseo_notices":[],"yoast_head":"<!-- This site is optimized with the Yoast SEO plugin v21.0 - https:\/\/yoast.com\/wordpress\/plugins\/seo\/ -->\n<title>Contacto - Maquinas de Hielo<\/title>\n<meta name=\"robots\" content=\"index, follow, max-snippet:-1, max-image-preview:large, max-video-preview:-1\" \/>\n<link rel=\"canonical\" href=\"https:\/\/ice-vaz.com\/index.php\/contacto\/\" \/>\n<meta property=\"og:locale\" content=\"es_MX\" \/>\n<meta property=\"og:type\" content=\"article\" \/>\n<meta property=\"og:title\" content=\"Contacto - Maquinas de Hielo\" \/>\n<meta property=\"og:description\" content=\"Contacto Estamos disponibles para ti 24\/7 Responderemos tu solicitud de informaci\u00f3n, cotizaci\u00f3n dudas o sugerencias. Address: Iztapala Ciudad de M\u00e9xico Hours: Lunes a viernes 9:00AM &#8211; 6:00PM Phone: 55 4783 9853 Email: servicios@ice-vaz.com Maquinas de Hielo\" \/>\n<meta property=\"og:url\" content=\"https:\/\/ice-vaz.com\/index.php\/contacto\/\" \/>\n<meta property=\"og:site_name\" content=\"Maquinas de Hielo\" \/>\n<meta property=\"article:modified_time\" content=\"2022-09-08T19:18:38+00:00\" \/>\n<meta property=\"og:image\" content=\"http:\/\/ice-vaz.com\/wp-content\/uploads\/2022\/09\/empresaria-buscando-contacto-importante-telefono_1163-4256.jpg\" \/>\n<meta name=\"twitter:card\" content=\"summary_large_image\" \/>\n<script type=\"application\/ld+json\" class=\"yoast-schema-graph\">{\"@context\":\"https:\/\/schema.org\",\"@graph\":[{\"@type\":\"WebPage\",\"@id\":\"https:\/\/ice-vaz.com\/index.php\/contacto\/\",\"url\":\"https:\/\/ice-vaz.com\/index.php\/contacto\/\",\"name\":\"Contacto - Maquinas de Hielo\",\"isPartOf\":{\"@id\":\"https:\/\/ice-vaz.com\/#website\"},\"datePublished\":\"2022-09-08T16:37:40+00:00\",\"dateModified\":\"2022-09-08T19:18:38+00:00\",\"breadcrumb\":{\"@id\":\"https:\/\/ice-vaz.com\/index.php\/contacto\/#breadcrumb\"},\"inLanguage\":\"es-MX\",\"potentialAction\":[{\"@type\":\"ReadAction\",\"target\":[\"https:\/\/ice-vaz.com\/index.php\/contacto\/\"]}]},{\"@type\":\"BreadcrumbList\",\"@id\":\"https:\/\/ice-vaz.com\/index.php\/contacto\/#breadcrumb\",\"itemListElement\":[{\"@type\":\"ListItem\",\"position\":1,\"name\":\"Inicio\",\"item\":\"https:\/\/ice-vaz.com\/\"},{\"@type\":\"ListItem\",\"position\":2,\"name\":\"Contacto\"}]},{\"@type\":\"WebSite\",\"@id\":\"https:\/\/ice-vaz.com\/#website\",\"url\":\"https:\/\/ice-vaz.com\/\",\"name\":\"Maquinas de Hielo\",\"description\":\"Venta y renta de maquinas de hielo\",\"publisher\":{\"@id\":\"https:\/\/ice-vaz.com\/#organization\"},\"potentialAction\":[{\"@type\":\"SearchAction\",\"target\":{\"@type\":\"EntryPoint\",\"urlTemplate\":\"https:\/\/ice-vaz.com\/?s={search_term_string}\"},\"query-input\":\"required name=search_term_string\"}],\"inLanguage\":\"es-MX\"},{\"@type\":\"Organization\",\"@id\":\"https:\/\/ice-vaz.com\/#organization\",\"name\":\"Maquinas de Hielo\",\"url\":\"https:\/\/ice-vaz.com\/\",\"logo\":{\"@type\":\"ImageObject\",\"inLanguage\":\"es-MX\",\"@id\":\"https:\/\/ice-vaz.com\/#\/schema\/logo\/image\/\",\"url\":\"https:\/\/ice-vaz.com\/wp-content\/uploads\/2022\/09\/301646997_103577172498967_7546972686866093831_n.jpg\",\"contentUrl\":\"https:\/\/ice-vaz.com\/wp-content\/uploads\/2022\/09\/301646997_103577172498967_7546972686866093831_n.jpg\",\"width\":1263,\"height\":1280,\"caption\":\"Maquinas de Hielo\"},\"image\":{\"@id\":\"https:\/\/ice-vaz.com\/#\/schema\/logo\/image\/\"}}]}<\/script>\n<!-- \/ Yoast SEO plugin. -->","yoast_head_json":{"title":"Contacto - Maquinas de Hielo","robots":{"index":"index","follow":"follow","max-snippet":"max-snippet:-1","max-image-preview":"max-image-preview:large","max-video-preview":"max-video-preview:-1"},"canonical":"https:\/\/ice-vaz.com\/index.php\/contacto\/","og_locale":"es_MX","og_type":"article","og_title":"Contacto - Maquinas de Hielo","og_description":"Contacto Estamos disponibles para ti 24\/7 Responderemos tu solicitud de informaci\u00f3n, cotizaci\u00f3n dudas o sugerencias. Address: Iztapala Ciudad de M\u00e9xico Hours: Lunes a viernes 9:00AM &#8211; 6:00PM Phone: 55 4783 9853 Email: servicios@ice-vaz.com Maquinas de Hielo","og_url":"https:\/\/ice-vaz.com\/index.php\/contacto\/","og_site_name":"Maquinas de Hielo","article_modified_time":"2022-09-08T19:18:38+00:00","og_image":[{"url":"http:\/\/ice-vaz.com\/wp-content\/uploads\/2022\/09\/empresaria-buscando-contacto-importante-telefono_1163-4256.jpg"}],"twitter_card":"summary_large_image","schema":{"@context":"https:\/\/schema.org","@graph":[{"@type":"WebPage","@id":"https:\/\/ice-vaz.com\/index.php\/contacto\/","url":"https:\/\/ice-vaz.com\/index.php\/contacto\/","name":"Contacto - Maquinas de Hielo","isPartOf":{"@id":"https:\/\/ice-vaz.com\/#website"},"datePublished":"2022-09-08T16:37:40+00:00","dateModified":"2022-09-08T19:18:38+00:00","breadcrumb":{"@id":"https:\/\/ice-vaz.com\/index.php\/contacto\/#breadcrumb"},"inLanguage":"es-MX","potentialAction":[{"@type":"ReadAction","target":["https:\/\/ice-vaz.com\/index.php\/contacto\/"]}]},{"@type":"BreadcrumbList","@id":"https:\/\/ice-vaz.com\/index.php\/contacto\/#breadcrumb","itemListElement":[{"@type":"ListItem","position":1,"name":"Inicio","item":"https:\/\/ice-vaz.com\/"},{"@type":"ListItem","position":2,"name":"Contacto"}]},{"@type":"WebSite","@id":"https:\/\/ice-vaz.com\/#website","url":"https:\/\/ice-vaz.com\/","name":"Maquinas de Hielo","description":"Venta y renta de maquinas de hielo","publisher":{"@id":"https:\/\/ice-vaz.com\/#organization"},"potentialAction":[{"@type":"SearchAction","target":{"@type":"EntryPoint","urlTemplate":"https:\/\/ice-vaz.com\/?s={search_term_string}"},"query-input":"required name=search_term_string"}],"inLanguage":"es-MX"},{"@type":"Organization","@id":"https:\/\/ice-vaz.com\/#organization","name":"Maquinas de Hielo","url":"https:\/\/ice-vaz.com\/","logo":{"@type":"ImageObject","inLanguage":"es-MX","@id":"https:\/\/ice-vaz.com\/#\/schema\/logo\/image\/","url":"https:\/\/ice-vaz.com\/wp-content\/uploads\/2022\/09\/301646997_103577172498967_7546972686866093831_n.jpg","contentUrl":"https:\/\/ice-vaz.com\/wp-content\/uploads\/2022\/09\/301646997_103577172498967_7546972686866093831_n.jpg","width":1263,"height":1280,"caption":"Maquinas de Hielo"},"image":{"@id":"https:\/\/ice-vaz.com\/#\/schema\/logo\/image\/"}}]}},"_links":{"self":[{"href":"https:\/\/ice-vaz.com\/index.php\/wp-json\/wp\/v2\/pages\/75"}],"collection":[{"href":"https:\/\/ice-vaz.com\/index.php\/wp-json\/wp\/v2\/pages"}],"about":[{"href":"https:\/\/ice-vaz.com\/index.php\/wp-json\/wp\/v2\/types\/page"}],"author":[{"embeddable":true,"href":"https:\/\/ice-vaz.com\/index.php\/wp-json\/wp\/v2\/users\/2"}],"replies":[{"embeddable":true,"href":"https:\/\/ice-vaz.com\/index.php\/wp-json\/wp\/v2\/comments?post=75"}],"version-history":[{"count":16,"href":"https:\/\/ice-vaz.com\/index.php\/wp-json\/wp\/v2\/pages\/75\/revisions"}],"predecessor-version":[{"id":177,"href":"https:\/\/ice-vaz.com\/index.php\/wp-json\/wp\/v2\/pages\/75\/revisions\/177"}],"wp:attachment":[{"href":"https:\/\/ice-vaz.com\/index.php\/wp-json\/wp\/v2\/media?parent=75"}],"curies":[{"name":"wp","href":"https:\/\/api.w.org\/{rel}","templated":true}]}}