{"id":82,"date":"2022-09-08T16:38:35","date_gmt":"2022-09-08T16:38:35","guid":{"rendered":"https:\/\/ice-vaz.com\/?page_id=82"},"modified":"2024-12-12T18:49:56","modified_gmt":"2024-12-12T18:49:56","slug":"quienes-somos","status":"publish","type":"page","link":"https:\/\/ice-vaz.com\/index.php\/quienes-somos\/","title":{"rendered":"Quienes somos"},"content":{"rendered":"\t\t<div data-elementor-type=\"wp-page\" data-elementor-id=\"82\" class=\"elementor elementor-82\">\n\t\t\t\t\t\t\t\t\t<section class=\"elementor-section elementor-top-section elementor-element elementor-element-353a04c5 elementor-section-content-middle elementor-section-full_width elementor-reverse-mobile elementor-reverse-tablet elementor-section-height-default elementor-section-height-default\" data-id=\"353a04c5\" data-element_type=\"section\">\n\t\t\t\t\t\t<div class=\"elementor-container elementor-column-gap-no\">\n\t\t\t\t\t<div class=\"elementor-column elementor-col-50 elementor-top-column elementor-element elementor-element-530757a6\" data-id=\"530757a6\" data-element_type=\"column\">\n\t\t\t<div class=\"elementor-widget-wrap elementor-element-populated\">\n\t\t\t\t\t\t\t\t<div class=\"elementor-element elementor-element-ae8b0ab elementor-widget elementor-widget-image\" data-id=\"ae8b0ab\" data-element_type=\"widget\" data-widget_type=\"image.default\">\n\t\t\t\t<div class=\"elementor-widget-container\">\n\t\t\t<style>\/*! elementor - v3.7.4 - 31-08-2022 *\/\n.elementor-widget-image{text-align:center}.elementor-widget-image a{display:inline-block}.elementor-widget-image a img[src$=\".svg\"]{width:48px}.elementor-widget-image img{vertical-align:middle;display:inline-block}<\/style>\t\t\t\t\t\t\t\t\t\t\t\t<img decoding=\"async\" loading=\"lazy\" width=\"1024\" height=\"461\" src=\"https:\/\/ice-vaz.com\/wp-content\/uploads\/2024\/12\/WhatsApp-Image-2024-12-12-at-12.44.31-1024x461.jpeg\" class=\"attachment-large size-large\" alt=\"\" srcset=\"https:\/\/ice-vaz.com\/wp-content\/uploads\/2024\/12\/WhatsApp-Image-2024-12-12-at-12.44.31-1024x461.jpeg 1024w, https:\/\/ice-vaz.com\/wp-content\/uploads\/2024\/12\/WhatsApp-Image-2024-12-12-at-12.44.31-300x135.jpeg 300w, https:\/\/ice-vaz.com\/wp-content\/uploads\/2024\/12\/WhatsApp-Image-2024-12-12-at-12.44.31-768x346.jpeg 768w, https:\/\/ice-vaz.com\/wp-content\/uploads\/2024\/12\/WhatsApp-Image-2024-12-12-at-12.44.31-1536x691.jpeg 1536w, https:\/\/ice-vaz.com\/wp-content\/uploads\/2024\/12\/WhatsApp-Image-2024-12-12-at-12.44.31-2048x922.jpeg 2048w\" sizes=\"(max-width: 1024px) 100vw, 1024px\" \/>\t\t\t\t\t\t\t\t\t\t\t\t\t\t\t<\/div>\n\t\t\t\t<\/div>\n\t\t\t\t\t<\/div>\n\t\t<\/div>\n\t\t\t\t<div class=\"elementor-column elementor-col-50 elementor-top-column elementor-element elementor-element-6bea9c27\" data-id=\"6bea9c27\" data-element_type=\"column\">\n\t\t\t<div class=\"elementor-widget-wrap elementor-element-populated\">\n\t\t\t\t\t\t\t\t<div class=\"elementor-element elementor-element-22d8859d elementor-widget elementor-widget-heading\" data-id=\"22d8859d\" data-element_type=\"widget\" data-widget_type=\"heading.default\">\n\t\t\t\t<div class=\"elementor-widget-container\">\n\t\t\t<style>\/*! elementor - v3.7.4 - 31-08-2022 *\/\n.elementor-heading-title{padding:0;margin:0;line-height:1}.elementor-widget-heading .elementor-heading-title[class*=elementor-size-]>a{color:inherit;font-size:inherit;line-height:inherit}.elementor-widget-heading .elementor-heading-title.elementor-size-small{font-size:15px}.elementor-widget-heading .elementor-heading-title.elementor-size-medium{font-size:19px}.elementor-widget-heading .elementor-heading-title.elementor-size-large{font-size:29px}.elementor-widget-heading .elementor-heading-title.elementor-size-xl{font-size:39px}.elementor-widget-heading .elementor-heading-title.elementor-size-xxl{font-size:59px}<\/style><h1 class=\"elementor-heading-title elementor-size-default\">Conoce nuestra historia y confia en nuestro servicio.<\/h1>\t\t<\/div>\n\t\t\t\t<\/div>\n\t\t\t\t<div class=\"elementor-element elementor-element-68609a45 elementor-widget elementor-widget-text-editor\" data-id=\"68609a45\" data-element_type=\"widget\" data-widget_type=\"text-editor.default\">\n\t\t\t\t<div class=\"elementor-widget-container\">\n\t\t\t<style>\/*! elementor - v3.7.4 - 31-08-2022 *\/\n.elementor-widget-text-editor.elementor-drop-cap-view-stacked .elementor-drop-cap{background-color:#818a91;color:#fff}.elementor-widget-text-editor.elementor-drop-cap-view-framed .elementor-drop-cap{color:#818a91;border:3px solid;background-color:transparent}.elementor-widget-text-editor:not(.elementor-drop-cap-view-default) .elementor-drop-cap{margin-top:8px}.elementor-widget-text-editor:not(.elementor-drop-cap-view-default) .elementor-drop-cap-letter{width:1em;height:1em}.elementor-widget-text-editor .elementor-drop-cap{float:left;text-align:center;line-height:1;font-size:50px}.elementor-widget-text-editor .elementor-drop-cap-letter{display:inline-block}<\/style>\t\t\t\t<p>Contamos con experiencia en soporte t\u00e9cnico a Maquinas fabricadoras de hielo. Nuestro portafolio nos permitio comercializar y rentar Maquinas en Ciudad de M\u00e9xico desde hacer 25 a\u00f1os.<\/p>\t\t\t\t\t\t<\/div>\n\t\t\t\t<\/div>\n\t\t\t\t\t<\/div>\n\t\t<\/div>\n\t\t\t\t\t\t\t<\/div>\n\t\t<\/section>\n\t\t\t\t<section class=\"elementor-section elementor-top-section elementor-element elementor-element-5dcf11ce elementor-section-content-middle elementor-section-full_width elementor-section-height-default elementor-section-height-default\" data-id=\"5dcf11ce\" data-element_type=\"section\">\n\t\t\t\t\t\t<div class=\"elementor-container elementor-column-gap-no\">\n\t\t\t\t\t<div class=\"elementor-column elementor-col-50 elementor-top-column elementor-element elementor-element-27c5ef06\" data-id=\"27c5ef06\" data-element_type=\"column\">\n\t\t\t<div class=\"elementor-widget-wrap elementor-element-populated\">\n\t\t\t\t\t\t\t\t<div class=\"elementor-element elementor-element-2d5fcb95 elementor-widget elementor-widget-heading\" data-id=\"2d5fcb95\" data-element_type=\"widget\" data-widget_type=\"heading.default\">\n\t\t\t\t<div class=\"elementor-widget-container\">\n\t\t\t<h2 class=\"elementor-heading-title elementor-size-default\">Misi\u00f3n y visi\u00f3n <\/h2>\t\t<\/div>\n\t\t\t\t<\/div>\n\t\t\t\t<div class=\"elementor-element elementor-element-65b68051 elementor-widget elementor-widget-text-editor\" data-id=\"65b68051\" data-element_type=\"widget\" data-widget_type=\"text-editor.default\">\n\t\t\t\t<div class=\"elementor-widget-container\">\n\t\t\t\t\t\t\t<p>Ofrecer la mejor soluci\u00f3n a los proyectos que nos son con\ufb01ados por Nuestros Clientes, acompa\u00f1ada de un excelente servicio y de precios altamente competitivos de acuerdo a sus necesidades personales y\/o profesionales garantizando as\u00ed su satisfacci\u00f3n total<\/p>\t\t\t\t\t\t<\/div>\n\t\t\t\t<\/div>\n\t\t\t\t\t<\/div>\n\t\t<\/div>\n\t\t\t\t<div class=\"elementor-column elementor-col-50 elementor-top-column elementor-element elementor-element-6e305817\" data-id=\"6e305817\" data-element_type=\"column\">\n\t\t\t<div class=\"elementor-widget-wrap elementor-element-populated\">\n\t\t\t\t\t\t\t\t<div class=\"elementor-element elementor-element-57e8e4e0 elementor-widget elementor-widget-image\" data-id=\"57e8e4e0\" data-element_type=\"widget\" data-widget_type=\"image.default\">\n\t\t\t\t<div class=\"elementor-widget-container\">\n\t\t\t\t\t\t\t\t\t\t\t\t\t\t\t<img decoding=\"async\" loading=\"lazy\" width=\"1024\" height=\"577\" src=\"https:\/\/ice-vaz.com\/wp-content\/uploads\/2022\/09\/Venta-y-renta-de-Maquinas-de-hielo-2-1024x577.png\" class=\"attachment-large size-large\" alt=\"\" srcset=\"https:\/\/ice-vaz.com\/wp-content\/uploads\/2022\/09\/Venta-y-renta-de-Maquinas-de-hielo-2-1024x577.png 1024w, https:\/\/ice-vaz.com\/wp-content\/uploads\/2022\/09\/Venta-y-renta-de-Maquinas-de-hielo-2-300x169.png 300w, https:\/\/ice-vaz.com\/wp-content\/uploads\/2022\/09\/Venta-y-renta-de-Maquinas-de-hielo-2-768x433.png 768w, https:\/\/ice-vaz.com\/wp-content\/uploads\/2022\/09\/Venta-y-renta-de-Maquinas-de-hielo-2-1536x865.png 1536w, https:\/\/ice-vaz.com\/wp-content\/uploads\/2022\/09\/Venta-y-renta-de-Maquinas-de-hielo-2.png 1640w\" sizes=\"(max-width: 1024px) 100vw, 1024px\" \/>\t\t\t\t\t\t\t\t\t\t\t\t\t\t\t<\/div>\n\t\t\t\t<\/div>\n\t\t\t\t\t<\/div>\n\t\t<\/div>\n\t\t\t\t\t\t\t<\/div>\n\t\t<\/section>\n\t\t\t\t<section class=\"elementor-section elementor-top-section elementor-element elementor-element-415f9f5a elementor-section-content-middle elementor-reverse-tablet elementor-reverse-mobile elementor-section-boxed elementor-section-height-default elementor-section-height-default\" data-id=\"415f9f5a\" data-element_type=\"section\">\n\t\t\t\t\t\t<div class=\"elementor-container elementor-column-gap-no\">\n\t\t\t\t\t<div class=\"elementor-column elementor-col-100 elementor-top-column elementor-element elementor-element-47db8300\" data-id=\"47db8300\" data-element_type=\"column\">\n\t\t\t<div class=\"elementor-widget-wrap elementor-element-populated\">\n\t\t\t\t\t\t\t\t<div class=\"elementor-element elementor-element-e933e7d elementor-widget elementor-widget-heading\" data-id=\"e933e7d\" data-element_type=\"widget\" data-widget_type=\"heading.default\">\n\t\t\t\t<div class=\"elementor-widget-container\">\n\t\t\t<h3 class=\"elementor-heading-title elementor-size-default\">Solicita una cotizaci\u00f3n<\/h3>\t\t<\/div>\n\t\t\t\t<\/div>\n\t\t\t\t<div class=\"elementor-element elementor-element-5fe8962e elementor-widget elementor-widget-text-editor\" data-id=\"5fe8962e\" data-element_type=\"widget\" data-widget_type=\"text-editor.default\">\n\t\t\t\t<div class=\"elementor-widget-container\">\n\t\t\t\t\t\t\t<p>Ponte en contacto con nosotros para cotizar una maquina en venta o renta.<\/p>\t\t\t\t\t\t<\/div>\n\t\t\t\t<\/div>\n\t\t\t\t<div class=\"elementor-element elementor-element-74e360e6 elementor-align-center elementor-mobile-align-center elementor-widget elementor-widget-button\" data-id=\"74e360e6\" data-element_type=\"widget\" data-widget_type=\"button.default\">\n\t\t\t\t<div class=\"elementor-widget-container\">\n\t\t\t\t\t<div class=\"elementor-button-wrapper\">\n\t\t\t<a href=\"https:\/\/wa.link\/kj6prs\" class=\"elementor-button-link elementor-button elementor-size-sm\" role=\"button\">\n\t\t\t\t\t\t<span class=\"elementor-button-content-wrapper\">\n\t\t\t\t\t\t<span class=\"elementor-button-text\">Cotiza ahora<\/span>\n\t\t<\/span>\n\t\t\t\t\t<\/a>\n\t\t<\/div>\n\t\t\t\t<\/div>\n\t\t\t\t<\/div>\n\t\t\t\t\t<\/div>\n\t\t<\/div>\n\t\t\t\t\t\t\t<\/div>\n\t\t<\/section>\n\t\t\t\t<section class=\"elementor-section elementor-top-section elementor-element elementor-element-10d2685b elementor-section-height-min-height elementor-section-content-middle elementor-section-full_width elementor-section-height-default elementor-section-items-middle\" data-id=\"10d2685b\" data-element_type=\"section\" data-settings=\"{&quot;background_background&quot;:&quot;classic&quot;}\">\n\t\t\t\t\t\t<div class=\"elementor-container elementor-column-gap-no\">\n\t\t\t\t\t<div class=\"elementor-column elementor-col-100 elementor-top-column elementor-element elementor-element-569120bb\" data-id=\"569120bb\" data-element_type=\"column\">\n\t\t\t<div class=\"elementor-widget-wrap elementor-element-populated\">\n\t\t\t\t\t\t\t\t<div class=\"elementor-element elementor-element-ffdd76d elementor-widget elementor-widget-heading\" data-id=\"ffdd76d\" data-element_type=\"widget\" data-widget_type=\"heading.default\">\n\t\t\t\t<div class=\"elementor-widget-container\">\n\t\t\t<p class=\"elementor-heading-title elementor-size-default\">\u00a9 2022 All Rights Reserved.<\/p>\t\t<\/div>\n\t\t\t\t<\/div>\n\t\t\t\t\t<\/div>\n\t\t<\/div>\n\t\t\t\t\t\t\t<\/div>\n\t\t<\/section>\n\t\t\t\t\t\t\t<\/div>\n\t\t","protected":false},"excerpt":{"rendered":"<p>Conoce nuestra historia y confia en nuestro servicio. Contamos con experiencia en soporte t\u00e9cnico a Maquinas fabricadoras de hielo. Nuestro portafolio nos permitio comercializar y rentar Maquinas en Ciudad de M\u00e9xico desde hacer 25 a\u00f1os. Misi\u00f3n y visi\u00f3n Ofrecer la mejor soluci\u00f3n a los proyectos que nos son con\ufb01ados por Nuestros Clientes, acompa\u00f1ada de un &hellip;<\/p>\n<p class=\"read-more\"> <a class=\"\" href=\"https:\/\/ice-vaz.com\/index.php\/quienes-somos\/\"> <span class=\"screen-reader-text\">Quienes somos<\/span> Leer m\u00e1s &raquo;<\/a><\/p>\n","protected":false},"author":2,"featured_media":0,"parent":0,"menu_order":0,"comment_status":"closed","ping_status":"closed","template":"","meta":{"om_disable_all_campaigns":false,"_monsterinsights_skip_tracking":false,"_monsterinsights_sitenote_active":false,"_monsterinsights_sitenote_note":"","_monsterinsights_sitenote_category":0,"site-sidebar-layout":"no-sidebar","site-content-layout":"page-builder","ast-global-header-display":"","ast-main-header-display":"","ast-hfb-above-header-display":"","ast-hfb-below-header-display":"","ast-hfb-mobile-header-display":"","site-post-title":"disabled","ast-breadcrumbs-content":"","ast-featured-img":"disabled","footer-sml-layout":"","theme-transparent-header-meta":"","adv-header-id-meta":"","stick-header-meta":"","header-above-stick-meta":"","header-main-stick-meta":"","header-below-stick-meta":"","footnotes":"","_joinchat":[]},"aioseo_notices":[],"yoast_head":"<!-- This site is optimized with the Yoast SEO plugin v21.0 - https:\/\/yoast.com\/wordpress\/plugins\/seo\/ -->\n<title>Quienes somos - Maquinas de Hielo<\/title>\n<meta name=\"robots\" content=\"index, follow, max-snippet:-1, max-image-preview:large, max-video-preview:-1\" \/>\n<link rel=\"canonical\" href=\"https:\/\/ice-vaz.com\/index.php\/quienes-somos\/\" \/>\n<meta property=\"og:locale\" content=\"es_MX\" \/>\n<meta property=\"og:type\" content=\"article\" \/>\n<meta property=\"og:title\" content=\"Quienes somos - Maquinas de Hielo\" \/>\n<meta property=\"og:description\" content=\"Conoce nuestra historia y confia en nuestro servicio. Contamos con experiencia en soporte t\u00e9cnico a Maquinas fabricadoras de hielo. Nuestro portafolio nos permitio comercializar y rentar Maquinas en Ciudad de M\u00e9xico desde hacer 25 a\u00f1os. Misi\u00f3n y visi\u00f3n Ofrecer la mejor soluci\u00f3n a los proyectos que nos son con\ufb01ados por Nuestros Clientes, acompa\u00f1ada de un &hellip; Quienes somos Leer m\u00e1s &raquo;\" \/>\n<meta property=\"og:url\" content=\"https:\/\/ice-vaz.com\/index.php\/quienes-somos\/\" \/>\n<meta property=\"og:site_name\" content=\"Maquinas de Hielo\" \/>\n<meta property=\"article:modified_time\" content=\"2024-12-12T18:49:56+00:00\" \/>\n<meta property=\"og:image\" content=\"http:\/\/ice-vaz.com\/wp-content\/uploads\/2024\/12\/WhatsApp-Image-2024-12-12-at-12.44.31-1024x461.jpeg\" \/>\n<meta name=\"twitter:card\" content=\"summary_large_image\" \/>\n<meta name=\"twitter:label1\" content=\"Tiempo de lectura\" \/>\n\t<meta name=\"twitter:data1\" content=\"1 minuto\" \/>\n<script type=\"application\/ld+json\" class=\"yoast-schema-graph\">{\"@context\":\"https:\/\/schema.org\",\"@graph\":[{\"@type\":\"WebPage\",\"@id\":\"https:\/\/ice-vaz.com\/index.php\/quienes-somos\/\",\"url\":\"https:\/\/ice-vaz.com\/index.php\/quienes-somos\/\",\"name\":\"Quienes somos - Maquinas de Hielo\",\"isPartOf\":{\"@id\":\"https:\/\/ice-vaz.com\/#website\"},\"datePublished\":\"2022-09-08T16:38:35+00:00\",\"dateModified\":\"2024-12-12T18:49:56+00:00\",\"breadcrumb\":{\"@id\":\"https:\/\/ice-vaz.com\/index.php\/quienes-somos\/#breadcrumb\"},\"inLanguage\":\"es-MX\",\"potentialAction\":[{\"@type\":\"ReadAction\",\"target\":[\"https:\/\/ice-vaz.com\/index.php\/quienes-somos\/\"]}]},{\"@type\":\"BreadcrumbList\",\"@id\":\"https:\/\/ice-vaz.com\/index.php\/quienes-somos\/#breadcrumb\",\"itemListElement\":[{\"@type\":\"ListItem\",\"position\":1,\"name\":\"Inicio\",\"item\":\"https:\/\/ice-vaz.com\/\"},{\"@type\":\"ListItem\",\"position\":2,\"name\":\"Quienes somos\"}]},{\"@type\":\"WebSite\",\"@id\":\"https:\/\/ice-vaz.com\/#website\",\"url\":\"https:\/\/ice-vaz.com\/\",\"name\":\"Maquinas de Hielo\",\"description\":\"Venta y renta de maquinas de hielo\",\"publisher\":{\"@id\":\"https:\/\/ice-vaz.com\/#organization\"},\"potentialAction\":[{\"@type\":\"SearchAction\",\"target\":{\"@type\":\"EntryPoint\",\"urlTemplate\":\"https:\/\/ice-vaz.com\/?s={search_term_string}\"},\"query-input\":\"required name=search_term_string\"}],\"inLanguage\":\"es-MX\"},{\"@type\":\"Organization\",\"@id\":\"https:\/\/ice-vaz.com\/#organization\",\"name\":\"Maquinas de Hielo\",\"url\":\"https:\/\/ice-vaz.com\/\",\"logo\":{\"@type\":\"ImageObject\",\"inLanguage\":\"es-MX\",\"@id\":\"https:\/\/ice-vaz.com\/#\/schema\/logo\/image\/\",\"url\":\"https:\/\/ice-vaz.com\/wp-content\/uploads\/2022\/09\/301646997_103577172498967_7546972686866093831_n.jpg\",\"contentUrl\":\"https:\/\/ice-vaz.com\/wp-content\/uploads\/2022\/09\/301646997_103577172498967_7546972686866093831_n.jpg\",\"width\":1263,\"height\":1280,\"caption\":\"Maquinas de Hielo\"},\"image\":{\"@id\":\"https:\/\/ice-vaz.com\/#\/schema\/logo\/image\/\"}}]}<\/script>\n<!-- \/ Yoast SEO plugin. -->","yoast_head_json":{"title":"Quienes somos - Maquinas de Hielo","robots":{"index":"index","follow":"follow","max-snippet":"max-snippet:-1","max-image-preview":"max-image-preview:large","max-video-preview":"max-video-preview:-1"},"canonical":"https:\/\/ice-vaz.com\/index.php\/quienes-somos\/","og_locale":"es_MX","og_type":"article","og_title":"Quienes somos - Maquinas de Hielo","og_description":"Conoce nuestra historia y confia en nuestro servicio. Contamos con experiencia en soporte t\u00e9cnico a Maquinas fabricadoras de hielo. Nuestro portafolio nos permitio comercializar y rentar Maquinas en Ciudad de M\u00e9xico desde hacer 25 a\u00f1os. Misi\u00f3n y visi\u00f3n Ofrecer la mejor soluci\u00f3n a los proyectos que nos son con\ufb01ados por Nuestros Clientes, acompa\u00f1ada de un &hellip; Quienes somos Leer m\u00e1s &raquo;","og_url":"https:\/\/ice-vaz.com\/index.php\/quienes-somos\/","og_site_name":"Maquinas de Hielo","article_modified_time":"2024-12-12T18:49:56+00:00","og_image":[{"url":"http:\/\/ice-vaz.com\/wp-content\/uploads\/2024\/12\/WhatsApp-Image-2024-12-12-at-12.44.31-1024x461.jpeg"}],"twitter_card":"summary_large_image","twitter_misc":{"Tiempo de lectura":"1 minuto"},"schema":{"@context":"https:\/\/schema.org","@graph":[{"@type":"WebPage","@id":"https:\/\/ice-vaz.com\/index.php\/quienes-somos\/","url":"https:\/\/ice-vaz.com\/index.php\/quienes-somos\/","name":"Quienes somos - Maquinas de Hielo","isPartOf":{"@id":"https:\/\/ice-vaz.com\/#website"},"datePublished":"2022-09-08T16:38:35+00:00","dateModified":"2024-12-12T18:49:56+00:00","breadcrumb":{"@id":"https:\/\/ice-vaz.com\/index.php\/quienes-somos\/#breadcrumb"},"inLanguage":"es-MX","potentialAction":[{"@type":"ReadAction","target":["https:\/\/ice-vaz.com\/index.php\/quienes-somos\/"]}]},{"@type":"BreadcrumbList","@id":"https:\/\/ice-vaz.com\/index.php\/quienes-somos\/#breadcrumb","itemListElement":[{"@type":"ListItem","position":1,"name":"Inicio","item":"https:\/\/ice-vaz.com\/"},{"@type":"ListItem","position":2,"name":"Quienes somos"}]},{"@type":"WebSite","@id":"https:\/\/ice-vaz.com\/#website","url":"https:\/\/ice-vaz.com\/","name":"Maquinas de Hielo","description":"Venta y renta de maquinas de hielo","publisher":{"@id":"https:\/\/ice-vaz.com\/#organization"},"potentialAction":[{"@type":"SearchAction","target":{"@type":"EntryPoint","urlTemplate":"https:\/\/ice-vaz.com\/?s={search_term_string}"},"query-input":"required name=search_term_string"}],"inLanguage":"es-MX"},{"@type":"Organization","@id":"https:\/\/ice-vaz.com\/#organization","name":"Maquinas de Hielo","url":"https:\/\/ice-vaz.com\/","logo":{"@type":"ImageObject","inLanguage":"es-MX","@id":"https:\/\/ice-vaz.com\/#\/schema\/logo\/image\/","url":"https:\/\/ice-vaz.com\/wp-content\/uploads\/2022\/09\/301646997_103577172498967_7546972686866093831_n.jpg","contentUrl":"https:\/\/ice-vaz.com\/wp-content\/uploads\/2022\/09\/301646997_103577172498967_7546972686866093831_n.jpg","width":1263,"height":1280,"caption":"Maquinas de Hielo"},"image":{"@id":"https:\/\/ice-vaz.com\/#\/schema\/logo\/image\/"}}]}},"_links":{"self":[{"href":"https:\/\/ice-vaz.com\/index.php\/wp-json\/wp\/v2\/pages\/82"}],"collection":[{"href":"https:\/\/ice-vaz.com\/index.php\/wp-json\/wp\/v2\/pages"}],"about":[{"href":"https:\/\/ice-vaz.com\/index.php\/wp-json\/wp\/v2\/types\/page"}],"author":[{"embeddable":true,"href":"https:\/\/ice-vaz.com\/index.php\/wp-json\/wp\/v2\/users\/2"}],"replies":[{"embeddable":true,"href":"https:\/\/ice-vaz.com\/index.php\/wp-json\/wp\/v2\/comments?post=82"}],"version-history":[{"count":13,"href":"https:\/\/ice-vaz.com\/index.php\/wp-json\/wp\/v2\/pages\/82\/revisions"}],"predecessor-version":[{"id":271,"href":"https:\/\/ice-vaz.com\/index.php\/wp-json\/wp\/v2\/pages\/82\/revisions\/271"}],"wp:attachment":[{"href":"https:\/\/ice-vaz.com\/index.php\/wp-json\/wp\/v2\/media?parent=82"}],"curies":[{"name":"wp","href":"https:\/\/api.w.org\/{rel}","templated":true}]}}